{"id":98,"date":"2024-05-15T08:48:05","date_gmt":"2024-05-15T06:48:05","guid":{"rendered":"https:\/\/deutschunterrichten.alice.ch\/?page_id=98"},"modified":"2024-09-02T12:07:04","modified_gmt":"2024-09-02T10:07:04","slug":"impressum","status":"publish","type":"page","link":"https:\/\/deutschunterrichten.ch\/impressum\/","title":{"rendered":"Impressum"},"content":{"rendered":"\n<div style=\"height:2.5em\" aria-hidden=\"true\" class=\"wp-block-spacer\"><\/div>\n\n\n\n<div class=\"wp-block-group is-style-reduced-width has-background-background-color has-background is-layout-flow wp-block-group-is-layout-flow\">\n<h1 class=\"wp-block-heading\">Impressum<\/h1>\n\n\n\n<p class=\"is-style-lead\">www.deutschunterrichten.ch ist eine Initiative von Weiterbildungsanbietern. Sie richtet sich mit ihren Informationen an Personen, die an einer T\u00e4tigkeit als Sprachkursleiter*in im Integrationsbereich interessiert sind.<\/p>\n\n\n\n<h2 class=\"wp-block-heading\">Folgende Anbieter sind am Projekt beteiligt<\/h2>\n\n\n\n<div class=\"wp-block-group is-content-justification-left is-layout-constrained wp-container-core-group-is-layout-50fe4906 wp-block-group-is-layout-constrained\">\n<div class=\"wp-block-group is-layout-constrained wp-block-group-is-layout-constrained\">\n<figure class=\"wp-block-image size-full\"><a href=\"https:\/\/academia-group.ch\/\" target=\"_blank\" rel=\"noreferrer noopener\"><img decoding=\"async\" width=\"1000\" height=\"511\" src=\"https:\/\/deutschunterrichten.ch\/app\/uploads\/sites\/4\/2024\/07\/deutsch-unterrichten-academia.webp\" alt=\"\" class=\"wp-image-309\" srcset=\"https:\/\/deutschunterrichten.ch\/app\/uploads\/sites\/4\/2024\/07\/deutsch-unterrichten-academia.webp 1000w, https:\/\/deutschunterrichten.ch\/app\/uploads\/sites\/4\/2024\/07\/deutsch-unterrichten-academia-300x153.webp 300w, https:\/\/deutschunterrichten.ch\/app\/uploads\/sites\/4\/2024\/07\/deutsch-unterrichten-academia-768x392.webp 768w\" sizes=\"(max-width: 1000px) 100vw, 1000px\" \/><\/a><\/figure>\n<\/div>\n\n\n\n<div class=\"wp-block-group is-layout-constrained wp-block-group-is-layout-constrained\">\n<figure class=\"wp-block-image size-full\"><a href=\"https:\/\/www.akrotea.ch\/\" target=\"_blank\" rel=\"noreferrer noopener\"><img decoding=\"async\" width=\"1000\" height=\"511\" src=\"https:\/\/deutschunterrichten.ch\/app\/uploads\/sites\/4\/2024\/08\/deutschunterrichten-akrotea.jpg\" alt=\"\" class=\"wp-image-580\" srcset=\"https:\/\/deutschunterrichten.ch\/app\/uploads\/sites\/4\/2024\/08\/deutschunterrichten-akrotea.jpg 1000w, https:\/\/deutschunterrichten.ch\/app\/uploads\/sites\/4\/2024\/08\/deutschunterrichten-akrotea-300x153.jpg 300w, https:\/\/deutschunterrichten.ch\/app\/uploads\/sites\/4\/2024\/08\/deutschunterrichten-akrotea-768x392.jpg 768w\" sizes=\"(max-width: 1000px) 100vw, 1000px\" \/><\/a><\/figure>\n<\/div>\n\n\n\n<div class=\"wp-block-group is-layout-constrained wp-block-group-is-layout-constrained\">\n<figure class=\"wp-block-image size-full\"><a href=\"https:\/\/www.stadt-zuerich.ch\/aoz\/de\/index.html\"><img decoding=\"async\" width=\"1000\" height=\"511\" src=\"https:\/\/deutschunterrichten.ch\/app\/uploads\/sites\/4\/2024\/07\/deutsch-unterrichten-aoz.webp\" alt=\"\" class=\"wp-image-311\" srcset=\"https:\/\/deutschunterrichten.ch\/app\/uploads\/sites\/4\/2024\/07\/deutsch-unterrichten-aoz.webp 1000w, https:\/\/deutschunterrichten.ch\/app\/uploads\/sites\/4\/2024\/07\/deutsch-unterrichten-aoz-300x153.webp 300w, https:\/\/deutschunterrichten.ch\/app\/uploads\/sites\/4\/2024\/07\/deutsch-unterrichten-aoz-768x392.webp 768w\" sizes=\"(max-width: 1000px) 100vw, 1000px\" \/><\/a><\/figure>\n<\/div>\n\n\n\n<div class=\"wp-block-group is-layout-constrained wp-block-group-is-layout-constrained\">\n<figure class=\"wp-block-image size-full\"><a href=\"https:\/\/www.ecap.ch\/\" target=\"_blank\" rel=\"noreferrer noopener\"><img decoding=\"async\" width=\"1000\" height=\"511\" src=\"https:\/\/deutschunterrichten.ch\/app\/uploads\/sites\/4\/2024\/07\/deutsch-unterrichten-ecap.webp\" alt=\"\" class=\"wp-image-312\" srcset=\"https:\/\/deutschunterrichten.ch\/app\/uploads\/sites\/4\/2024\/07\/deutsch-unterrichten-ecap.webp 1000w, https:\/\/deutschunterrichten.ch\/app\/uploads\/sites\/4\/2024\/07\/deutsch-unterrichten-ecap-300x153.webp 300w, https:\/\/deutschunterrichten.ch\/app\/uploads\/sites\/4\/2024\/07\/deutsch-unterrichten-ecap-768x392.webp 768w\" sizes=\"(max-width: 1000px) 100vw, 1000px\" \/><\/a><\/figure>\n<\/div>\n\n\n\n<div class=\"wp-block-group is-layout-constrained wp-block-group-is-layout-constrained\">\n<figure class=\"wp-block-image size-full\"><a href=\"https:\/\/fide-info.ch\/de\/\" target=\"_blank\" rel=\"noreferrer noopener\"><img decoding=\"async\" width=\"1000\" height=\"511\" src=\"https:\/\/deutschunterrichten.ch\/app\/uploads\/sites\/4\/2024\/07\/fide-deutsch-unterrichten.jpg\" alt=\"\" class=\"wp-image-426\" srcset=\"https:\/\/deutschunterrichten.ch\/app\/uploads\/sites\/4\/2024\/07\/fide-deutsch-unterrichten.jpg 1000w, https:\/\/deutschunterrichten.ch\/app\/uploads\/sites\/4\/2024\/07\/fide-deutsch-unterrichten-300x153.jpg 300w, https:\/\/deutschunterrichten.ch\/app\/uploads\/sites\/4\/2024\/07\/fide-deutsch-unterrichten-768x392.jpg 768w\" sizes=\"(max-width: 1000px) 100vw, 1000px\" \/><\/a><\/figure>\n<\/div>\n\n\n\n<div class=\"wp-block-group is-layout-constrained wp-block-group-is-layout-constrained\">\n<figure class=\"wp-block-image size-full\"><a href=\"https:\/\/www.hds.ch\/\" target=\"_blank\" rel=\"noreferrer noopener\"><img decoding=\"async\" width=\"1000\" height=\"511\" src=\"https:\/\/deutschunterrichten.ch\/app\/uploads\/sites\/4\/2024\/07\/deutsch-unterrichten-hds.webp\" alt=\"\" class=\"wp-image-314\" srcset=\"https:\/\/deutschunterrichten.ch\/app\/uploads\/sites\/4\/2024\/07\/deutsch-unterrichten-hds.webp 1000w, https:\/\/deutschunterrichten.ch\/app\/uploads\/sites\/4\/2024\/07\/deutsch-unterrichten-hds-300x153.webp 300w, https:\/\/deutschunterrichten.ch\/app\/uploads\/sites\/4\/2024\/07\/deutsch-unterrichten-hds-768x392.webp 768w\" sizes=\"(max-width: 1000px) 100vw, 1000px\" \/><\/a><\/figure>\n<\/div>\n\n\n\n<div class=\"wp-block-group is-layout-constrained wp-block-group-is-layout-constrained\">\n<figure class=\"wp-block-image size-full\"><a href=\"https:\/\/hei-integration.ch\/\" target=\"_blank\" rel=\"noreferrer noopener\"><img decoding=\"async\" width=\"1000\" height=\"511\" src=\"https:\/\/deutschunterrichten.ch\/app\/uploads\/sites\/4\/2024\/07\/deutsch-unterrichten-hei-integration.webp\" alt=\"\" class=\"wp-image-313\" style=\"object-fit:cover\" srcset=\"https:\/\/deutschunterrichten.ch\/app\/uploads\/sites\/4\/2024\/07\/deutsch-unterrichten-hei-integration.webp 1000w, https:\/\/deutschunterrichten.ch\/app\/uploads\/sites\/4\/2024\/07\/deutsch-unterrichten-hei-integration-300x153.webp 300w, https:\/\/deutschunterrichten.ch\/app\/uploads\/sites\/4\/2024\/07\/deutsch-unterrichten-hei-integration-768x392.webp 768w\" sizes=\"(max-width: 1000px) 100vw, 1000px\" \/><\/a><\/figure>\n<\/div>\n\n\n\n<div class=\"wp-block-group is-layout-constrained wp-block-group-is-layout-constrained\">\n<figure class=\"wp-block-image size-full\"><a href=\"https:\/\/www.k5kurszentrum.ch\/\" target=\"_blank\" rel=\"noreferrer noopener\"><img decoding=\"async\" width=\"1000\" height=\"511\" src=\"https:\/\/deutschunterrichten.ch\/app\/uploads\/sites\/4\/2024\/07\/deutsch-unterrichten-basler-kulturzentrum.webp\" alt=\"\" class=\"wp-image-315\" style=\"object-fit:cover\" srcset=\"https:\/\/deutschunterrichten.ch\/app\/uploads\/sites\/4\/2024\/07\/deutsch-unterrichten-basler-kulturzentrum.webp 1000w, https:\/\/deutschunterrichten.ch\/app\/uploads\/sites\/4\/2024\/07\/deutsch-unterrichten-basler-kulturzentrum-300x153.webp 300w, https:\/\/deutschunterrichten.ch\/app\/uploads\/sites\/4\/2024\/07\/deutsch-unterrichten-basler-kulturzentrum-768x392.webp 768w\" sizes=\"(max-width: 1000px) 100vw, 1000px\" \/><\/a><\/figure>\n<\/div>\n\n\n\n<div class=\"wp-block-group is-layout-constrained wp-block-group-is-layout-constrained\">\n<figure class=\"wp-block-image size-full\"><a href=\"https:\/\/www.miduca.ch\/\" target=\"_blank\" rel=\"noreferrer noopener\"><img decoding=\"async\" width=\"1000\" height=\"511\" src=\"https:\/\/deutschunterrichten.ch\/app\/uploads\/sites\/4\/2024\/07\/deutsch-unterrichten-miduca.webp\" alt=\"\" class=\"wp-image-316\" srcset=\"https:\/\/deutschunterrichten.ch\/app\/uploads\/sites\/4\/2024\/07\/deutsch-unterrichten-miduca.webp 1000w, https:\/\/deutschunterrichten.ch\/app\/uploads\/sites\/4\/2024\/07\/deutsch-unterrichten-miduca-300x153.webp 300w, https:\/\/deutschunterrichten.ch\/app\/uploads\/sites\/4\/2024\/07\/deutsch-unterrichten-miduca-768x392.webp 768w\" sizes=\"(max-width: 1000px) 100vw, 1000px\" \/><\/a><\/figure>\n<\/div>\n\n\n\n<div class=\"wp-block-group is-layout-constrained wp-block-group-is-layout-constrained\">\n<figure class=\"wp-block-image size-full\"><a href=\"https:\/\/www.sal.ch\/\" target=\"_blank\" rel=\"noreferrer noopener\"><img decoding=\"async\" width=\"1000\" height=\"511\" src=\"https:\/\/deutschunterrichten.ch\/app\/uploads\/sites\/4\/2024\/08\/deutschunterrichten-sal.jpg\" alt=\"\" class=\"wp-image-583\" srcset=\"https:\/\/deutschunterrichten.ch\/app\/uploads\/sites\/4\/2024\/08\/deutschunterrichten-sal.jpg 1000w, https:\/\/deutschunterrichten.ch\/app\/uploads\/sites\/4\/2024\/08\/deutschunterrichten-sal-300x153.jpg 300w, https:\/\/deutschunterrichten.ch\/app\/uploads\/sites\/4\/2024\/08\/deutschunterrichten-sal-768x392.jpg 768w\" sizes=\"(max-width: 1000px) 100vw, 1000px\" \/><\/a><\/figure>\n<\/div>\n\n\n\n<div class=\"wp-block-group is-layout-constrained wp-block-group-is-layout-constrained\">\n<figure class=\"wp-block-image size-full\"><img decoding=\"async\" width=\"1000\" height=\"511\" src=\"https:\/\/deutschunterrichten.ch\/app\/uploads\/sites\/4\/2024\/08\/uni-fr.jpg\" alt=\"\" class=\"wp-image-577\" style=\"object-fit:cover\" srcset=\"https:\/\/deutschunterrichten.ch\/app\/uploads\/sites\/4\/2024\/08\/uni-fr.jpg 1000w, https:\/\/deutschunterrichten.ch\/app\/uploads\/sites\/4\/2024\/08\/uni-fr-300x153.jpg 300w, https:\/\/deutschunterrichten.ch\/app\/uploads\/sites\/4\/2024\/08\/uni-fr-768x392.jpg 768w\" sizes=\"(max-width: 1000px) 100vw, 1000px\" \/><\/figure>\n<\/div>\n\n\n\n<div class=\"wp-block-group is-layout-constrained wp-block-group-is-layout-constrained\">\n<figure class=\"wp-block-image size-full\"><a href=\"https:\/\/www.zhaw.ch\/de\/linguistik\/\" target=\"_blank\" rel=\"noreferrer noopener\"><img decoding=\"async\" width=\"1000\" height=\"511\" src=\"https:\/\/deutschunterrichten.ch\/app\/uploads\/sites\/4\/2024\/08\/zh-aw-logo.png\" alt=\"\" class=\"wp-image-440\" style=\"object-fit:cover\" srcset=\"https:\/\/deutschunterrichten.ch\/app\/uploads\/sites\/4\/2024\/08\/zh-aw-logo.png 1000w, https:\/\/deutschunterrichten.ch\/app\/uploads\/sites\/4\/2024\/08\/zh-aw-logo-300x153.png 300w, https:\/\/deutschunterrichten.ch\/app\/uploads\/sites\/4\/2024\/08\/zh-aw-logo-768x392.png 768w\" sizes=\"(max-width: 1000px) 100vw, 1000px\" \/><\/a><\/figure>\n<\/div>\n\n\n\n<div class=\"wp-block-group is-layout-constrained wp-block-group-is-layout-constrained\">\n<figure class=\"wp-block-image size-full\"><a href=\"mailto:michelle.mathys@alice.ch\" target=\"_blank\" rel=\"noreferrer noopener\"><img decoding=\"async\" width=\"3473\" height=\"1775\" src=\"https:\/\/deutschunterrichten.ch\/app\/uploads\/sites\/4\/2024\/08\/deutschunterrichten-Logo-Anbieter.png\" alt=\"\" class=\"wp-image-652\" style=\"object-fit:cover\" srcset=\"https:\/\/deutschunterrichten.ch\/app\/uploads\/sites\/4\/2024\/08\/deutschunterrichten-Logo-Anbieter.png 3473w, https:\/\/deutschunterrichten.ch\/app\/uploads\/sites\/4\/2024\/08\/deutschunterrichten-Logo-Anbieter-300x153.png 300w, https:\/\/deutschunterrichten.ch\/app\/uploads\/sites\/4\/2024\/08\/deutschunterrichten-Logo-Anbieter-1024x523.png 1024w, https:\/\/deutschunterrichten.ch\/app\/uploads\/sites\/4\/2024\/08\/deutschunterrichten-Logo-Anbieter-768x393.png 768w, https:\/\/deutschunterrichten.ch\/app\/uploads\/sites\/4\/2024\/08\/deutschunterrichten-Logo-Anbieter-1536x785.png 1536w, https:\/\/deutschunterrichten.ch\/app\/uploads\/sites\/4\/2024\/08\/deutschunterrichten-Logo-Anbieter-2048x1047.png 2048w\" sizes=\"(max-width: 3473px) 100vw, 3473px\" \/><\/a><\/figure>\n<\/div>\n<\/div>\n\n\n\n<h2 class=\"wp-block-heading\">Disclaimer<\/h2>\n\n\n\n<p>Alle auf dieser Website ver\u00f6ffentlichten Beitr\u00e4ge und Abbildungen sind urheberrechtlich gesch\u00fctzt. Jede vom Urheberrechtsgesetz nicht zugelassene Verwertung bedarf vorheriger schriftlicher Zustimmung. Dies gilt insbesondere f\u00fcr Vervielf\u00e4ltigung, Bearbeitung, \u00dcbersetzung, Einspeicherung, Verarbeitung bzw. Wiedergabe von Inhalten in Datenbanken oder anderen elektronischen Medien und Systemen. Fotokopien und Downloads von Websites d\u00fcrfen nur f\u00fcr den pers\u00f6nlichen, privaten und nicht kommerziellen Gebrauch hergestellt werden.<\/p>\n\n\n\n<p>Der Anbieter \u00fcbernimmt keine Haftung f\u00fcr die Richtigkeit, Vollst\u00e4ndigkeit und Aktualit\u00e4t der bereit gestellten Informationen. Die Beitr\u00e4ge geben die Meinung des jeweiligen Autors, der Autorin wieder.<\/p>\n\n\n\n<h2 class=\"wp-block-heading\">Redaktion<\/h2>\n\n\n\n<p>Die Website wird vom SVEB redaktionell betreut.<\/p>\n\n\n\n<p>SVEB<br>Schweizerischer Verband f\u00fcr Weiterbildung<br>Hardstrasse 235<br>8005 Z\u00fcrich<\/p>\n\n\n\n<p>+41 (0)44 319 71 71<\/p>\n\n\n\n<p><a href=\"javascript:linkTo_UnCryptMailto('nbjmup+jogpAbmjdf\\\/di');\">info@alice.ch<\/a><\/p>\n\n\n\n<h2 class=\"wp-block-heading\">Website<\/h2>\n\n\n\n<p>xeit AG<br>Limmatstrasse 291<br>8005 Z\u00fcrich<br><a href=\"https:\/\/xeit.ch\/\" target=\"_blank\" rel=\"noreferrer noopener\">www.xeit.ch<\/a><br><a href=\"mailto:info@xeit.ch\">info@xeit.ch<\/a><\/p>\n<\/div>\n","protected":false},"excerpt":{"rendered":"<p>Impressum www.deutschunterrichten.ch ist eine Initiative von Weiterbildungsanbietern. Sie richtet sich mit ihren Informationen an Personen, die an einer T\u00e4tigkeit als [&hellip;]<\/p>\n","protected":false},"author":1,"featured_media":0,"parent":0,"menu_order":0,"comment_status":"closed","ping_status":"closed","template":"","meta":{"_acf_changed":false,"inline_featured_image":false,"footnotes":""},"class_list":["post-98","page","type-page","status-publish","hentry"],"acf":[],"yoast_head":"<!-- This site is optimized with the Yoast SEO plugin v27.3 - https:\/\/yoast.com\/product\/yoast-seo-wordpress\/ -->\n<title>Impressum - Deutsch unterrichten<\/title>\n<meta name=\"robots\" content=\"index, follow, max-snippet:-1, max-image-preview:large, max-video-preview:-1\" \/>\n<link rel=\"canonical\" href=\"https:\/\/deutschunterrichten.ch\/de\/impressum\/\" \/>\n<meta property=\"og:locale\" content=\"de_DE\" \/>\n<meta property=\"og:type\" content=\"article\" \/>\n<meta property=\"og:title\" content=\"Impressum - Deutsch unterrichten\" \/>\n<meta property=\"og:description\" content=\"Impressum www.deutschunterrichten.ch ist eine Initiative von Weiterbildungsanbietern. Sie richtet sich mit ihren Informationen an Personen, die an einer T\u00e4tigkeit als [&hellip;]\" \/>\n<meta property=\"og:url\" content=\"https:\/\/deutschunterrichten.ch\/impressum\/\" \/>\n<meta property=\"og:site_name\" content=\"Deutsch unterrichten\" \/>\n<meta property=\"article:modified_time\" content=\"2024-09-02T10:07:04+00:00\" \/>\n<meta property=\"og:image\" content=\"https:\/\/deutschunterrichten.ch\/app\/uploads\/sites\/4\/2024\/07\/deutsch-unterrichten-academia.webp\" \/>\n<meta name=\"twitter:card\" content=\"summary_large_image\" \/>\n<meta name=\"twitter:label1\" content=\"Gesch\u00e4tzte Lesezeit\" \/>\n\t<meta name=\"twitter:data1\" content=\"1\u00a0Minute\" \/>\n<script type=\"application\/ld+json\" class=\"yoast-schema-graph\">{\"@context\":\"https:\\\/\\\/schema.org\",\"@graph\":[{\"@type\":\"WebPage\",\"@id\":\"https:\\\/\\\/deutschunterrichten.ch\\\/impressum\\\/\",\"url\":\"https:\\\/\\\/deutschunterrichten.ch\\\/impressum\\\/\",\"name\":\"Impressum - Deutsch unterrichten\",\"isPartOf\":{\"@id\":\"https:\\\/\\\/deutschunterrichten.ch\\\/de\\\/#website\"},\"primaryImageOfPage\":{\"@id\":\"https:\\\/\\\/deutschunterrichten.ch\\\/impressum\\\/#primaryimage\"},\"image\":{\"@id\":\"https:\\\/\\\/deutschunterrichten.ch\\\/impressum\\\/#primaryimage\"},\"thumbnailUrl\":\"https:\\\/\\\/deutschunterrichten.ch\\\/app\\\/uploads\\\/sites\\\/4\\\/2024\\\/07\\\/deutsch-unterrichten-academia.webp\",\"datePublished\":\"2024-05-15T06:48:05+00:00\",\"dateModified\":\"2024-09-02T10:07:04+00:00\",\"breadcrumb\":{\"@id\":\"https:\\\/\\\/deutschunterrichten.ch\\\/impressum\\\/#breadcrumb\"},\"inLanguage\":\"de\",\"potentialAction\":[{\"@type\":\"ReadAction\",\"target\":[\"https:\\\/\\\/deutschunterrichten.ch\\\/impressum\\\/\"]}]},{\"@type\":\"ImageObject\",\"inLanguage\":\"de\",\"@id\":\"https:\\\/\\\/deutschunterrichten.ch\\\/impressum\\\/#primaryimage\",\"url\":\"https:\\\/\\\/deutschunterrichten.ch\\\/app\\\/uploads\\\/sites\\\/4\\\/2024\\\/07\\\/deutsch-unterrichten-academia.webp\",\"contentUrl\":\"https:\\\/\\\/deutschunterrichten.ch\\\/app\\\/uploads\\\/sites\\\/4\\\/2024\\\/07\\\/deutsch-unterrichten-academia.webp\"},{\"@type\":\"BreadcrumbList\",\"@id\":\"https:\\\/\\\/deutschunterrichten.ch\\\/impressum\\\/#breadcrumb\",\"itemListElement\":[{\"@type\":\"ListItem\",\"position\":1,\"name\":\"Startseite\",\"item\":\"https:\\\/\\\/deutschunterrichten.ch\\\/\"},{\"@type\":\"ListItem\",\"position\":2,\"name\":\"Impressum\"}]},{\"@type\":\"WebSite\",\"@id\":\"https:\\\/\\\/deutschunterrichten.ch\\\/de\\\/#website\",\"url\":\"https:\\\/\\\/deutschunterrichten.ch\\\/de\\\/\",\"name\":\"Deutsch unterrichten\",\"description\":\"Sprachkursleitende werden und Deutsch unterrichten\",\"alternateName\":\"Sprachkursleitende werden und Deutsch unterrichten\",\"potentialAction\":[{\"@type\":\"SearchAction\",\"target\":{\"@type\":\"EntryPoint\",\"urlTemplate\":\"https:\\\/\\\/deutschunterrichten.ch\\\/de\\\/?s={search_term_string}\"},\"query-input\":{\"@type\":\"PropertyValueSpecification\",\"valueRequired\":true,\"valueName\":\"search_term_string\"}}],\"inLanguage\":\"de\"}]}<\/script>\n<!-- \/ Yoast SEO plugin. -->","yoast_head_json":{"title":"Impressum - Deutsch unterrichten","robots":{"index":"index","follow":"follow","max-snippet":"max-snippet:-1","max-image-preview":"max-image-preview:large","max-video-preview":"max-video-preview:-1"},"canonical":"https:\/\/deutschunterrichten.ch\/de\/impressum\/","og_locale":"de_DE","og_type":"article","og_title":"Impressum - Deutsch unterrichten","og_description":"Impressum www.deutschunterrichten.ch ist eine Initiative von Weiterbildungsanbietern. Sie richtet sich mit ihren Informationen an Personen, die an einer T\u00e4tigkeit als [&hellip;]","og_url":"https:\/\/deutschunterrichten.ch\/impressum\/","og_site_name":"Deutsch unterrichten","article_modified_time":"2024-09-02T10:07:04+00:00","og_image":[{"url":"https:\/\/deutschunterrichten.ch\/app\/uploads\/sites\/4\/2024\/07\/deutsch-unterrichten-academia.webp","type":"","width":"","height":""}],"twitter_card":"summary_large_image","twitter_misc":{"Gesch\u00e4tzte Lesezeit":"1\u00a0Minute"},"schema":{"@context":"https:\/\/schema.org","@graph":[{"@type":"WebPage","@id":"https:\/\/deutschunterrichten.ch\/impressum\/","url":"https:\/\/deutschunterrichten.ch\/impressum\/","name":"Impressum - Deutsch unterrichten","isPartOf":{"@id":"https:\/\/deutschunterrichten.ch\/de\/#website"},"primaryImageOfPage":{"@id":"https:\/\/deutschunterrichten.ch\/impressum\/#primaryimage"},"image":{"@id":"https:\/\/deutschunterrichten.ch\/impressum\/#primaryimage"},"thumbnailUrl":"https:\/\/deutschunterrichten.ch\/app\/uploads\/sites\/4\/2024\/07\/deutsch-unterrichten-academia.webp","datePublished":"2024-05-15T06:48:05+00:00","dateModified":"2024-09-02T10:07:04+00:00","breadcrumb":{"@id":"https:\/\/deutschunterrichten.ch\/impressum\/#breadcrumb"},"inLanguage":"de","potentialAction":[{"@type":"ReadAction","target":["https:\/\/deutschunterrichten.ch\/impressum\/"]}]},{"@type":"ImageObject","inLanguage":"de","@id":"https:\/\/deutschunterrichten.ch\/impressum\/#primaryimage","url":"https:\/\/deutschunterrichten.ch\/app\/uploads\/sites\/4\/2024\/07\/deutsch-unterrichten-academia.webp","contentUrl":"https:\/\/deutschunterrichten.ch\/app\/uploads\/sites\/4\/2024\/07\/deutsch-unterrichten-academia.webp"},{"@type":"BreadcrumbList","@id":"https:\/\/deutschunterrichten.ch\/impressum\/#breadcrumb","itemListElement":[{"@type":"ListItem","position":1,"name":"Startseite","item":"https:\/\/deutschunterrichten.ch\/"},{"@type":"ListItem","position":2,"name":"Impressum"}]},{"@type":"WebSite","@id":"https:\/\/deutschunterrichten.ch\/de\/#website","url":"https:\/\/deutschunterrichten.ch\/de\/","name":"Deutsch unterrichten","description":"Sprachkursleitende werden und Deutsch unterrichten","alternateName":"Sprachkursleitende werden und Deutsch unterrichten","potentialAction":[{"@type":"SearchAction","target":{"@type":"EntryPoint","urlTemplate":"https:\/\/deutschunterrichten.ch\/de\/?s={search_term_string}"},"query-input":{"@type":"PropertyValueSpecification","valueRequired":true,"valueName":"search_term_string"}}],"inLanguage":"de"}]}},"_links":{"self":[{"href":"https:\/\/deutschunterrichten.ch\/de\/wp-json\/wp\/v2\/pages\/98","targetHints":{"allow":["GET"]}}],"collection":[{"href":"https:\/\/deutschunterrichten.ch\/de\/wp-json\/wp\/v2\/pages"}],"about":[{"href":"https:\/\/deutschunterrichten.ch\/de\/wp-json\/wp\/v2\/types\/page"}],"author":[{"embeddable":true,"href":"https:\/\/deutschunterrichten.ch\/de\/wp-json\/wp\/v2\/users\/1"}],"replies":[{"embeddable":true,"href":"https:\/\/deutschunterrichten.ch\/de\/wp-json\/wp\/v2\/comments?post=98"}],"version-history":[{"count":23,"href":"https:\/\/deutschunterrichten.ch\/de\/wp-json\/wp\/v2\/pages\/98\/revisions"}],"predecessor-version":[{"id":654,"href":"https:\/\/deutschunterrichten.ch\/de\/wp-json\/wp\/v2\/pages\/98\/revisions\/654"}],"wp:attachment":[{"href":"https:\/\/deutschunterrichten.ch\/de\/wp-json\/wp\/v2\/media?parent=98"}],"curies":[{"name":"wp","href":"https:\/\/api.w.org\/{rel}","templated":true}]}}