{"id":535,"date":"2024-08-08T13:42:50","date_gmt":"2024-08-08T11:42:50","guid":{"rendered":"https:\/\/deutschunterrichten.alice.ch\/?page_id=535"},"modified":"2024-08-08T13:44:14","modified_gmt":"2024-08-08T11:44:14","slug":"faq","status":"publish","type":"page","link":"https:\/\/deutschunterrichten.ch\/faq\/","title":{"rendered":"FAQ"},"content":{"rendered":"\n<div style=\"height:2.5em\" aria-hidden=\"true\" class=\"wp-block-spacer\"><\/div>\n\n\n\n<div class=\"wp-block-group has-background-background-color has-background is-layout-constrained wp-block-group-is-layout-constrained\">\n<div class=\"wp-block-group is-layout-flow wp-block-group-is-layout-flow\">\n<h2 class=\"wp-block-heading has-x-large-font-size\">FAQ<\/h2>\n\n\n\n<div class=\"wp-block-columns is-style-accordion is-layout-flex wp-container-core-columns-is-layout-28f84493 wp-block-columns-is-layout-flex\" id=\"faq-element-1\">\n<div class=\"wp-block-column is-layout-flow wp-block-column-is-layout-flow\">\n<h3 class=\"wp-block-heading\">Was beinhaltet die T\u00e4tigkeit als Sprachkursleiter*in?<\/h3>\n<\/div>\n\n\n\n<div class=\"wp-block-column is-layout-flow wp-block-column-is-layout-flow\">\n<p>Die <a href=\"https:\/\/deutschunterrichten.ch\/berufsbild-taetigkeiten\/#taetigkeiten\">T\u00e4tigkeiten<\/a> als Sprachkursleiter*in sind vielseitig und abwechslungsreich. Die Kernaufgabe ist die Vorbereitung und Umsetzung von Lernveranstaltungen, wobei vielf\u00e4ltige didaktische Methoden genutzt werden, um die spezifischen Bed\u00fcrfnisse der Kursteilnehmer*innen zu ber\u00fccksichtigen und den Unterricht abwechslungsreich zu gestalten.<\/p>\n\n\n\n<div class=\"wp-block-buttons is-layout-flex wp-block-buttons-is-layout-flex\">\n<div class=\"wp-block-button is-style-outline is-style-outline--1\"><a class=\"wp-block-button__link wp-element-button\" href=\"https:\/\/deutschunterrichten.ch\/berufsbild-taetigkeiten\/#taetigkeiten\">T\u00e4tigkeiten von Sprachkursleiter*innen<\/a><\/div>\n<\/div>\n<\/div>\n<\/div>\n\n\n\n<div class=\"wp-block-columns is-style-accordion is-layout-flex wp-container-core-columns-is-layout-28f84493 wp-block-columns-is-layout-flex\" id=\"faq-element-1\">\n<div class=\"wp-block-column is-layout-flow wp-block-column-is-layout-flow\">\n<h3 class=\"wp-block-heading\">Kann ich eine Schnupperstunde besuchen oder ein Praktikum absolvieren?<\/h3>\n<\/div>\n\n\n\n<div class=\"wp-block-column is-layout-flow wp-block-column-is-layout-flow\">\n<p>Ja, einige Anbieter von Sprachkursen im Integrationsbereich bieten Schnupperstunden und Praktika an.<\/p>\n\n\n\n<div class=\"wp-block-buttons is-layout-flex wp-block-buttons-is-layout-flex\">\n<div class=\"wp-block-button is-style-outline is-style-outline--2\"><a class=\"wp-block-button__link wp-element-button\" href=\"https:\/\/deutschunterrichten.ch\/offene-stellen\/\">Schnupperstunden absolvieren<\/a><\/div>\n<\/div>\n<\/div>\n<\/div>\n\n\n\n<div class=\"wp-block-columns is-style-accordion is-layout-flex wp-container-core-columns-is-layout-28f84493 wp-block-columns-is-layout-flex\" id=\"faq-element-1\">\n<div class=\"wp-block-column is-layout-flow wp-block-column-is-layout-flow\">\n<h3 class=\"wp-block-heading\">Welche Anstellungsbedingungen gelten im Beruf?<\/h3>\n<\/div>\n\n\n\n<div class=\"wp-block-column is-layout-flow wp-block-column-is-layout-flow\">\n<p>Sprachkursleiter*innen arbeiten meist auf Stundenbasis in einer Bildungseinrichtung, einer Sprachschule oder einem Integrationszentrum.<\/p>\n\n\n\n<div class=\"wp-block-buttons is-layout-flex wp-block-buttons-is-layout-flex\">\n<div class=\"wp-block-button is-style-outline is-style-outline--3\"><a class=\"wp-block-button__link wp-element-button\" href=\"https:\/\/deutschunterrichten.ch\/berufsbild-taetigkeiten\/#anstellungsbedingungen\">Informationen zu den Anstellungsbedingungen<\/a><\/div>\n<\/div>\n<\/div>\n<\/div>\n\n\n\n<div class=\"wp-block-columns is-style-accordion is-layout-flex wp-container-core-columns-is-layout-28f84493 wp-block-columns-is-layout-flex\" id=\"faq-element-1\">\n<div class=\"wp-block-column is-layout-flow wp-block-column-is-layout-flow\">\n<h3 class=\"wp-block-heading\">Welche Qualifikationen werden verlangt?<\/h3>\n<\/div>\n\n\n\n<div class=\"wp-block-column is-layout-flow wp-block-column-is-layout-flow\">\n<p>Die <a href=\"https:\/\/deutschunterrichten.ch\/berufsbild-taetigkeiten\/#voraussetzungen\">T\u00e4tigkeit als Sprachkursleiter*in<\/a> erfordert sehr gute Deutschkenntnisse. Idealerweise bringen Sie ausserdem eine didaktische Qualifikation mit, diese kann aber auch berufsbegleitend erworben werden.<\/p>\n\n\n\n<div class=\"wp-block-buttons is-layout-flex wp-block-buttons-is-layout-flex\">\n<div class=\"wp-block-button is-style-outline is-style-outline--4\"><a class=\"wp-block-button__link has-text-align-left wp-element-button\" href=\"https:\/\/deutschunterrichten.ch\/berufsbild-taetigkeiten\/#voraussetzungen\">Voraussetzungen f\u00fcr die T\u00e4tigkeit als Sprachkursleiter*in<\/a><\/div>\n<\/div>\n<\/div>\n<\/div>\n\n\n\n<div class=\"wp-block-columns is-style-accordion is-layout-flex wp-container-core-columns-is-layout-28f84493 wp-block-columns-is-layout-flex\" id=\"faq-element-1\">\n<div class=\"wp-block-column is-layout-flow wp-block-column-is-layout-flow\">\n<h3 class=\"wp-block-heading\">Wer bietet Sprachkursweiterbildungen an?<\/h3>\n<\/div>\n\n\n\n<div class=\"wp-block-column is-layout-flow wp-block-column-is-layout-flow\">\n<p>Es gibt zahlreiche <a href=\"https:\/\/deutschunterrichten.ch\/aus-und-weiterbildung\/#anbieter\">Weiterbildungsm\u00f6glichkeiten<\/a> sowohl f\u00fcr Personen, die bereits \u00fcber eine Qualifikation als Sprachkursleiter*in verf\u00fcgen als auch f\u00fcr Personen, die neu oder quer in die T\u00e4tigkeit im Integrationsbereich einsteigen m\u00f6chten.<\/p>\n\n\n\n<div class=\"wp-block-buttons is-layout-flex wp-block-buttons-is-layout-flex\">\n<div class=\"wp-block-button is-style-outline is-style-outline--5\"><a class=\"wp-block-button__link has-text-align-left wp-element-button\" href=\"https:\/\/deutschunterrichten.ch\/aus-und-weiterbildung\/#anbieter\">Anbieter von Sprachkursweiterbildungen<\/a><\/div>\n<\/div>\n<\/div>\n<\/div>\n\n\n\n<div class=\"wp-block-columns is-style-accordion is-layout-flex wp-container-core-columns-is-layout-28f84493 wp-block-columns-is-layout-flex\" id=\"faq-element-1\">\n<div class=\"wp-block-column is-layout-flow wp-block-column-is-layout-flow\">\n<h3 class=\"wp-block-heading\">Wo kann ich mich beraten lassen?<\/h3>\n<\/div>\n\n\n\n<div class=\"wp-block-column is-layout-flow wp-block-column-is-layout-flow\">\n<p>Die Gesch\u00e4ftsstelle fide ber\u00e4t Sie gerne bei Fragen zu Ihrer Qualifikation und zu passenden Weiterbildungen f\u00fcr die T\u00e4tigkeit als Sprachkursleiter*in.<\/p>\n\n\n\n<div class=\"wp-block-buttons is-layout-flex wp-block-buttons-is-layout-flex\">\n<div class=\"wp-block-button is-style-outline is-style-outline--6\"><a class=\"wp-block-button__link has-text-align-left wp-element-button\" href=\"https:\/\/deutschunterrichten.ch\/aus-und-weiterbildung\/#beratung\">Kontakt zur Gesch\u00e4ftsstelle fide<\/a><\/div>\n<\/div>\n<\/div>\n<\/div>\n\n\n\n<div class=\"wp-block-columns is-style-accordion is-layout-flex wp-container-core-columns-is-layout-28f84493 wp-block-columns-is-layout-flex\" id=\"faq-element-1\">\n<div class=\"wp-block-column is-layout-flow wp-block-column-is-layout-flow\">\n<h3 class=\"wp-block-heading\">Gibt es offene Stellen?<\/h3>\n<\/div>\n\n\n\n<div class=\"wp-block-column is-layout-flow wp-block-column-is-layout-flow\">\n<p>Ja, Sprachkursleiter*innen sind derzeit gesucht. Es gibt in unterschiedlichen Bereichen und bei verschiedenen Anbietern interessante <a href=\"https:\/\/deutschunterrichten.ch\/offene-stellen\/\">offene Stellen<\/a>.<\/p>\n\n\n\n<div class=\"wp-block-buttons is-layout-flex wp-block-buttons-is-layout-flex\">\n<div class=\"wp-block-button is-style-outline is-style-outline--7\"><a class=\"wp-block-button__link has-text-align-left wp-element-button\" href=\"https:\/\/deutschunterrichten.ch\/offene-stellen\/\">Offene Stellen f\u00fcr Sprachkursleiter*innen<\/a><\/div>\n<\/div>\n<\/div>\n<\/div>\n<\/div>\n<\/div>\n","protected":false},"excerpt":{"rendered":"","protected":false},"author":1,"featured_media":0,"parent":0,"menu_order":0,"comment_status":"closed","ping_status":"closed","template":"","meta":{"_acf_changed":false,"inline_featured_image":false,"footnotes":""},"class_list":["post-535","page","type-page","status-publish","hentry"],"acf":[],"yoast_head":"<!-- This site is optimized with the Yoast SEO plugin v27.3 - https:\/\/yoast.com\/product\/yoast-seo-wordpress\/ -->\n<title>FAQ - Deutsch unterrichten<\/title>\n<meta name=\"robots\" content=\"index, follow, max-snippet:-1, max-image-preview:large, max-video-preview:-1\" \/>\n<link rel=\"canonical\" href=\"https:\/\/deutschunterrichten.ch\/de\/faq\/\" \/>\n<meta property=\"og:locale\" content=\"de_DE\" \/>\n<meta property=\"og:type\" content=\"article\" \/>\n<meta property=\"og:title\" content=\"FAQ - Deutsch unterrichten\" \/>\n<meta property=\"og:url\" content=\"https:\/\/deutschunterrichten.ch\/faq\/\" \/>\n<meta property=\"og:site_name\" content=\"Deutsch unterrichten\" \/>\n<meta property=\"article:modified_time\" content=\"2024-08-08T11:44:14+00:00\" \/>\n<meta name=\"twitter:card\" content=\"summary_large_image\" \/>\n<script type=\"application\/ld+json\" class=\"yoast-schema-graph\">{\"@context\":\"https:\\\/\\\/schema.org\",\"@graph\":[{\"@type\":\"WebPage\",\"@id\":\"https:\\\/\\\/deutschunterrichten.ch\\\/faq\\\/\",\"url\":\"https:\\\/\\\/deutschunterrichten.ch\\\/faq\\\/\",\"name\":\"FAQ - Deutsch unterrichten\",\"isPartOf\":{\"@id\":\"https:\\\/\\\/deutschunterrichten.ch\\\/de\\\/#website\"},\"datePublished\":\"2024-08-08T11:42:50+00:00\",\"dateModified\":\"2024-08-08T11:44:14+00:00\",\"breadcrumb\":{\"@id\":\"https:\\\/\\\/deutschunterrichten.ch\\\/faq\\\/#breadcrumb\"},\"inLanguage\":\"de\",\"potentialAction\":[{\"@type\":\"ReadAction\",\"target\":[\"https:\\\/\\\/deutschunterrichten.ch\\\/faq\\\/\"]}]},{\"@type\":\"BreadcrumbList\",\"@id\":\"https:\\\/\\\/deutschunterrichten.ch\\\/faq\\\/#breadcrumb\",\"itemListElement\":[{\"@type\":\"ListItem\",\"position\":1,\"name\":\"Startseite\",\"item\":\"https:\\\/\\\/deutschunterrichten.ch\\\/\"},{\"@type\":\"ListItem\",\"position\":2,\"name\":\"FAQ\"}]},{\"@type\":\"WebSite\",\"@id\":\"https:\\\/\\\/deutschunterrichten.ch\\\/de\\\/#website\",\"url\":\"https:\\\/\\\/deutschunterrichten.ch\\\/de\\\/\",\"name\":\"Deutsch unterrichten\",\"description\":\"Sprachkursleitende werden und Deutsch unterrichten\",\"alternateName\":\"Sprachkursleitende werden und Deutsch unterrichten\",\"potentialAction\":[{\"@type\":\"SearchAction\",\"target\":{\"@type\":\"EntryPoint\",\"urlTemplate\":\"https:\\\/\\\/deutschunterrichten.ch\\\/de\\\/?s={search_term_string}\"},\"query-input\":{\"@type\":\"PropertyValueSpecification\",\"valueRequired\":true,\"valueName\":\"search_term_string\"}}],\"inLanguage\":\"de\"}]}<\/script>\n<!-- \/ Yoast SEO plugin. -->","yoast_head_json":{"title":"FAQ - Deutsch unterrichten","robots":{"index":"index","follow":"follow","max-snippet":"max-snippet:-1","max-image-preview":"max-image-preview:large","max-video-preview":"max-video-preview:-1"},"canonical":"https:\/\/deutschunterrichten.ch\/de\/faq\/","og_locale":"de_DE","og_type":"article","og_title":"FAQ - Deutsch unterrichten","og_url":"https:\/\/deutschunterrichten.ch\/faq\/","og_site_name":"Deutsch unterrichten","article_modified_time":"2024-08-08T11:44:14+00:00","twitter_card":"summary_large_image","schema":{"@context":"https:\/\/schema.org","@graph":[{"@type":"WebPage","@id":"https:\/\/deutschunterrichten.ch\/faq\/","url":"https:\/\/deutschunterrichten.ch\/faq\/","name":"FAQ - Deutsch unterrichten","isPartOf":{"@id":"https:\/\/deutschunterrichten.ch\/de\/#website"},"datePublished":"2024-08-08T11:42:50+00:00","dateModified":"2024-08-08T11:44:14+00:00","breadcrumb":{"@id":"https:\/\/deutschunterrichten.ch\/faq\/#breadcrumb"},"inLanguage":"de","potentialAction":[{"@type":"ReadAction","target":["https:\/\/deutschunterrichten.ch\/faq\/"]}]},{"@type":"BreadcrumbList","@id":"https:\/\/deutschunterrichten.ch\/faq\/#breadcrumb","itemListElement":[{"@type":"ListItem","position":1,"name":"Startseite","item":"https:\/\/deutschunterrichten.ch\/"},{"@type":"ListItem","position":2,"name":"FAQ"}]},{"@type":"WebSite","@id":"https:\/\/deutschunterrichten.ch\/de\/#website","url":"https:\/\/deutschunterrichten.ch\/de\/","name":"Deutsch unterrichten","description":"Sprachkursleitende werden und Deutsch unterrichten","alternateName":"Sprachkursleitende werden und Deutsch unterrichten","potentialAction":[{"@type":"SearchAction","target":{"@type":"EntryPoint","urlTemplate":"https:\/\/deutschunterrichten.ch\/de\/?s={search_term_string}"},"query-input":{"@type":"PropertyValueSpecification","valueRequired":true,"valueName":"search_term_string"}}],"inLanguage":"de"}]}},"_links":{"self":[{"href":"https:\/\/deutschunterrichten.ch\/de\/wp-json\/wp\/v2\/pages\/535","targetHints":{"allow":["GET"]}}],"collection":[{"href":"https:\/\/deutschunterrichten.ch\/de\/wp-json\/wp\/v2\/pages"}],"about":[{"href":"https:\/\/deutschunterrichten.ch\/de\/wp-json\/wp\/v2\/types\/page"}],"author":[{"embeddable":true,"href":"https:\/\/deutschunterrichten.ch\/de\/wp-json\/wp\/v2\/users\/1"}],"replies":[{"embeddable":true,"href":"https:\/\/deutschunterrichten.ch\/de\/wp-json\/wp\/v2\/comments?post=535"}],"version-history":[{"count":2,"href":"https:\/\/deutschunterrichten.ch\/de\/wp-json\/wp\/v2\/pages\/535\/revisions"}],"predecessor-version":[{"id":537,"href":"https:\/\/deutschunterrichten.ch\/de\/wp-json\/wp\/v2\/pages\/535\/revisions\/537"}],"wp:attachment":[{"href":"https:\/\/deutschunterrichten.ch\/de\/wp-json\/wp\/v2\/media?parent=535"}],"curies":[{"name":"wp","href":"https:\/\/api.w.org\/{rel}","templated":true}]}}